{"id":1965,"date":"2025-01-03T14:05:11","date_gmt":"2025-01-03T14:05:11","guid":{"rendered":"https:\/\/cossma.com.mx\/?page_id=1965"},"modified":"2025-01-04T15:26:39","modified_gmt":"2025-01-04T15:26:39","slug":"servicios","status":"publish","type":"page","link":"https:\/\/cossma.com.mx\/index.php\/servicios\/","title":{"rendered":"Servicios"},"content":{"rendered":"\t\t<div data-elementor-type=\"wp-page\" data-elementor-id=\"1965\" class=\"elementor elementor-1965\" data-elementor-post-type=\"page\">\n\t\t\t\t<div class=\"elementor-element elementor-element-00c8d5d e-flex e-con-boxed e-con e-parent\" data-id=\"00c8d5d\" data-element_type=\"container\" data-settings=\"{&quot;background_background&quot;:&quot;classic&quot;}\">\n\t\t\t\t\t<div class=\"e-con-inner\">\n\t\t\t\t<div class=\"elementor-element elementor-element-b768daa elementor-widget elementor-widget-heading\" data-id=\"b768daa\" data-element_type=\"widget\" data-widget_type=\"heading.default\">\n\t\t\t\t<div class=\"elementor-widget-container\">\n\t\t\t\t\t<h2 class=\"elementor-heading-title elementor-size-default\">Servicios<\/h2>\t\t\t\t<\/div>\n\t\t\t\t<\/div>\n\t\t\t\t\t<\/div>\n\t\t\t\t<\/div>\n\t\t<div class=\"elementor-element elementor-element-eda3fac e-flex e-con-boxed e-con e-parent\" data-id=\"eda3fac\" data-element_type=\"container\">\n\t\t\t\t\t<div class=\"e-con-inner\">\n\t\t\t\t<div class=\"elementor-element elementor-element-246ed40 e-n-tabs-mobile elementor-widget elementor-widget-n-tabs\" data-id=\"246ed40\" data-element_type=\"widget\" data-widget_type=\"nested-tabs.default\">\n\t\t\t\t<div class=\"elementor-widget-container\">\n\t\t\t\t\t\t\t<div class=\"e-n-tabs\" data-widget-number=\"38202688\" aria-label=\"Pesta\u00f1as. Abre elementos con Intro o Espacio, ci\u00e9rralos con Escape y navega con las fechas.\">\n\t\t\t<div class=\"e-n-tabs-heading\" role=\"tablist\">\n\t\t\t\t\t<button id=\"e-n-tab-title-382026881\" class=\"e-n-tab-title\" aria-selected=\"true\" data-tab-index=\"1\" role=\"tab\" tabindex=\"0\" aria-controls=\"e-n-tab-content-382026881\" style=\"--n-tabs-title-order: 1;\">\n\t\t\t\t\t\t<span class=\"e-n-tab-title-text\">\n\t\t\t\tRemodelaci\u00f3n\t\t\t<\/span>\n\t\t<\/button>\n\t\t\t\t<button id=\"e-n-tab-title-382026882\" class=\"e-n-tab-title\" aria-selected=\"false\" data-tab-index=\"2\" role=\"tab\" tabindex=\"-1\" aria-controls=\"e-n-tab-content-382026882\" style=\"--n-tabs-title-order: 2;\">\n\t\t\t\t\t\t<span class=\"e-n-tab-title-text\">\n\t\t\t\tMantenimiento\t\t\t<\/span>\n\t\t<\/button>\n\t\t\t\t<button id=\"e-n-tab-title-382026883\" class=\"e-n-tab-title\" aria-selected=\"false\" data-tab-index=\"3\" role=\"tab\" tabindex=\"-1\" aria-controls=\"e-n-tab-content-382026883\" style=\"--n-tabs-title-order: 3;\">\n\t\t\t\t\t\t<span class=\"e-n-tab-title-text\">\n\t\t\t\tConstrucci\u00f3n\t\t\t<\/span>\n\t\t<\/button>\n\t\t\t\t\t<\/div>\n\t\t\t<div class=\"e-n-tabs-content\">\n\t\t\t\t<div id=\"e-n-tab-content-382026881\" role=\"tabpanel\" aria-labelledby=\"e-n-tab-title-382026881\" data-tab-index=\"1\" style=\"--n-tabs-title-order: 1;\" class=\"e-active elementor-element elementor-element-58438e2 e-con-full e-flex e-con e-child\" data-id=\"58438e2\" data-element_type=\"container\">\n\t\t<div class=\"elementor-element elementor-element-dac9dcd e-con-full e-flex e-con e-child\" data-id=\"dac9dcd\" data-element_type=\"container\">\n\t\t\t\t<div class=\"elementor-element elementor-element-45580af elementor-widget elementor-widget-heading\" data-id=\"45580af\" data-element_type=\"widget\" data-widget_type=\"heading.default\">\n\t\t\t\t<div class=\"elementor-widget-container\">\n\t\t\t\t\t<h2 class=\"elementor-heading-title elementor-size-default\">Remodelaci\u00f3n:\n\n\n<\/h2>\t\t\t\t<\/div>\n\t\t\t\t<\/div>\n\t\t\t\t<div class=\"elementor-element elementor-element-ba849d8 elementor-widget-divider--view-line elementor-widget elementor-widget-divider\" data-id=\"ba849d8\" data-element_type=\"widget\" data-widget_type=\"divider.default\">\n\t\t\t\t<div class=\"elementor-widget-container\">\n\t\t\t\t\t\t\t<div class=\"elementor-divider\">\n\t\t\t<span class=\"elementor-divider-separator\">\n\t\t\t\t\t\t<\/span>\n\t\t<\/div>\n\t\t\t\t\t\t<\/div>\n\t\t\t\t<\/div>\n\t\t\t\t<div class=\"elementor-element elementor-element-4a7fd09 elementor-widget elementor-widget-text-editor\" data-id=\"4a7fd09\" data-element_type=\"widget\" data-widget_type=\"text-editor.default\">\n\t\t\t\t<div class=\"elementor-widget-container\">\n\t\t\t\t\t\t\t\t\t<p>Transformamos espacios para adaptarlos a tus necesidades y estilo. Desde renovaciones parciales hasta remodelaciones integrales, creamos ambientes funcionales y modernos.<\/p><p>Modernizamos espacios, a\u00f1adiendo valor y confort a tus propiedades.<\/p><p>Incluye:<\/p><ul><li>Redise\u00f1o de interiores y exteriores.<\/li><li>Integraci\u00f3n de tecnolog\u00eda y eficiencia energ\u00e9tica.<\/li><li>Adaptaci\u00f3n a normativas actuales.<\/li><\/ul>\t\t\t\t\t\t\t\t<\/div>\n\t\t\t\t<\/div>\n\t\t\t\t<\/div>\n\t\t<div class=\"elementor-element elementor-element-b32cd31 e-con-full e-flex e-con e-child\" data-id=\"b32cd31\" data-element_type=\"container\">\n\t\t\t\t<div class=\"elementor-element elementor-element-0411e21 elementor-widget elementor-widget-image\" data-id=\"0411e21\" data-element_type=\"widget\" data-widget_type=\"image.default\">\n\t\t\t\t<div class=\"elementor-widget-container\">\n\t\t\t\t\t\t\t\t\t\t\t\t\t\t\t<img fetchpriority=\"high\" decoding=\"async\" width=\"596\" height=\"447\" src=\"https:\/\/cossma.com.mx\/wp-content\/uploads\/2025\/01\/Cossma-01.png\" class=\"attachment-large size-large wp-image-2090\" alt=\"\" srcset=\"https:\/\/cossma.com.mx\/wp-content\/uploads\/2025\/01\/Cossma-01.png 596w, https:\/\/cossma.com.mx\/wp-content\/uploads\/2025\/01\/Cossma-01-300x225.png 300w\" sizes=\"(max-width: 596px) 100vw, 596px\" \/>\t\t\t\t\t\t\t\t\t\t\t\t\t\t\t<\/div>\n\t\t\t\t<\/div>\n\t\t\t\t<\/div>\n\t\t\t\t<\/div>\n\t\t<div id=\"e-n-tab-content-382026882\" role=\"tabpanel\" aria-labelledby=\"e-n-tab-title-382026882\" data-tab-index=\"2\" style=\"--n-tabs-title-order: 2;\" class=\" elementor-element elementor-element-14d20ad e-con-full e-flex e-con e-child\" data-id=\"14d20ad\" data-element_type=\"container\">\n\t\t<div class=\"elementor-element elementor-element-46ff526 e-con-full e-flex e-con e-child\" data-id=\"46ff526\" data-element_type=\"container\">\n\t\t\t\t<div class=\"elementor-element elementor-element-1191e9e elementor-widget elementor-widget-heading\" data-id=\"1191e9e\" data-element_type=\"widget\" data-widget_type=\"heading.default\">\n\t\t\t\t<div class=\"elementor-widget-container\">\n\t\t\t\t\t<h2 class=\"elementor-heading-title elementor-size-default\">Mantenimiento:\n\n<\/h2>\t\t\t\t<\/div>\n\t\t\t\t<\/div>\n\t\t\t\t<div class=\"elementor-element elementor-element-bd46048 elementor-widget-divider--view-line elementor-widget elementor-widget-divider\" data-id=\"bd46048\" data-element_type=\"widget\" data-widget_type=\"divider.default\">\n\t\t\t\t<div class=\"elementor-widget-container\">\n\t\t\t\t\t\t\t<div class=\"elementor-divider\">\n\t\t\t<span class=\"elementor-divider-separator\">\n\t\t\t\t\t\t<\/span>\n\t\t<\/div>\n\t\t\t\t\t\t<\/div>\n\t\t\t\t<\/div>\n\t\t\t\t<div class=\"elementor-element elementor-element-514bde4 elementor-widget elementor-widget-text-editor\" data-id=\"514bde4\" data-element_type=\"widget\" data-widget_type=\"text-editor.default\">\n\t\t\t\t<div class=\"elementor-widget-container\">\n\t\t\t\t\t\t\t\t\t<p>Servicios preventivos y correctivos para garantizar la seguridad y eficiencia de tus propiedades.<\/p><p>Ofrecemos soluciones adaptadas a los sectores residencial, comercial e industrial.<\/p><p>Servicios preventivos y correctivos para preservar la funcionalidad y seguridad de tus espacios.<\/p><p>Incluye:<\/p><ul><li>Electricidad, plomer\u00eda y climatizaci\u00f3n.<\/li><li>Reparaci\u00f3n de estructuras.<\/li><li>Limpieza y conservaci\u00f3n especializada.<\/li><\/ul>\t\t\t\t\t\t\t\t<\/div>\n\t\t\t\t<\/div>\n\t\t\t\t<\/div>\n\t\t<div class=\"elementor-element elementor-element-1d88223 e-con-full e-flex e-con e-child\" data-id=\"1d88223\" data-element_type=\"container\">\n\t\t\t\t<div class=\"elementor-element elementor-element-d093571 elementor-widget elementor-widget-image\" data-id=\"d093571\" data-element_type=\"widget\" data-widget_type=\"image.default\">\n\t\t\t\t<div class=\"elementor-widget-container\">\n\t\t\t\t\t\t\t\t\t\t\t\t\t\t\t<img fetchpriority=\"high\" decoding=\"async\" width=\"596\" height=\"447\" src=\"https:\/\/cossma.com.mx\/wp-content\/uploads\/2025\/01\/Cossma-01.png\" class=\"attachment-large size-large wp-image-2090\" alt=\"\" srcset=\"https:\/\/cossma.com.mx\/wp-content\/uploads\/2025\/01\/Cossma-01.png 596w, https:\/\/cossma.com.mx\/wp-content\/uploads\/2025\/01\/Cossma-01-300x225.png 300w\" sizes=\"(max-width: 596px) 100vw, 596px\" \/>\t\t\t\t\t\t\t\t\t\t\t\t\t\t\t<\/div>\n\t\t\t\t<\/div>\n\t\t\t\t<\/div>\n\t\t\t\t<\/div>\n\t\t<div id=\"e-n-tab-content-382026883\" role=\"tabpanel\" aria-labelledby=\"e-n-tab-title-382026883\" data-tab-index=\"3\" style=\"--n-tabs-title-order: 3;\" class=\" elementor-element elementor-element-8cde8f8 e-con-full e-flex e-con e-child\" data-id=\"8cde8f8\" data-element_type=\"container\">\n\t\t<div class=\"elementor-element elementor-element-eeb9986 e-con-full e-flex e-con e-child\" data-id=\"eeb9986\" data-element_type=\"container\">\n\t\t\t\t<div class=\"elementor-element elementor-element-9b455a1 elementor-widget elementor-widget-heading\" data-id=\"9b455a1\" data-element_type=\"widget\" data-widget_type=\"heading.default\">\n\t\t\t\t<div class=\"elementor-widget-container\">\n\t\t\t\t\t<h2 class=\"elementor-heading-title elementor-size-default\">Construcci\u00f3n:\n\n<\/h2>\t\t\t\t<\/div>\n\t\t\t\t<\/div>\n\t\t\t\t<div class=\"elementor-element elementor-element-7492e63 elementor-widget-divider--view-line elementor-widget elementor-widget-divider\" data-id=\"7492e63\" data-element_type=\"widget\" data-widget_type=\"divider.default\">\n\t\t\t\t<div class=\"elementor-widget-container\">\n\t\t\t\t\t\t\t<div class=\"elementor-divider\">\n\t\t\t<span class=\"elementor-divider-separator\">\n\t\t\t\t\t\t<\/span>\n\t\t<\/div>\n\t\t\t\t\t\t<\/div>\n\t\t\t\t<\/div>\n\t\t\t\t<div class=\"elementor-element elementor-element-a665857 elementor-widget elementor-widget-text-editor\" data-id=\"a665857\" data-element_type=\"widget\" data-widget_type=\"text-editor.default\">\n\t\t\t\t<div class=\"elementor-widget-container\">\n\t\t\t\t\t\t\t\t\t<p>Dise\u00f1amos y ejecutamos proyectos desde cero, garantizando espacios funcionales, est\u00e9ticos y adaptados a tus requerimientos.<\/p><p>Incluye:<\/p><ul><li>Planeaci\u00f3n y dise\u00f1o arquitect\u00f3nico.<\/li><li>Supervisi\u00f3n en cada etapa del proceso.<\/li><li>Construcci\u00f3n sostenible y con materiales de alta calidad.<\/li><\/ul>\t\t\t\t\t\t\t\t<\/div>\n\t\t\t\t<\/div>\n\t\t\t\t<\/div>\n\t\t<div class=\"elementor-element elementor-element-cdf2f1e e-con-full e-flex e-con e-child\" data-id=\"cdf2f1e\" data-element_type=\"container\">\n\t\t\t\t<div class=\"elementor-element elementor-element-3d7e83e elementor-widget elementor-widget-image\" data-id=\"3d7e83e\" data-element_type=\"widget\" data-widget_type=\"image.default\">\n\t\t\t\t<div class=\"elementor-widget-container\">\n\t\t\t\t\t\t\t\t\t\t\t\t\t\t\t<img fetchpriority=\"high\" decoding=\"async\" width=\"596\" height=\"447\" src=\"https:\/\/cossma.com.mx\/wp-content\/uploads\/2025\/01\/Cossma-01.png\" class=\"attachment-large size-large wp-image-2090\" alt=\"\" srcset=\"https:\/\/cossma.com.mx\/wp-content\/uploads\/2025\/01\/Cossma-01.png 596w, https:\/\/cossma.com.mx\/wp-content\/uploads\/2025\/01\/Cossma-01-300x225.png 300w\" sizes=\"(max-width: 596px) 100vw, 596px\" \/>\t\t\t\t\t\t\t\t\t\t\t\t\t\t\t<\/div>\n\t\t\t\t<\/div>\n\t\t\t\t<\/div>\n\t\t\t\t<\/div>\n\t\t\t\t\t<\/div>\n\t\t<\/div>\n\t\t\t\t\t\t<\/div>\n\t\t\t\t<\/div>\n\t\t\t\t\t<\/div>\n\t\t\t\t<\/div>\n\t\t<div class=\"elementor-element elementor-element-4cb5164 e-flex e-con-boxed e-con e-parent\" data-id=\"4cb5164\" data-element_type=\"container\">\n\t\t\t\t\t<div class=\"e-con-inner\">\n\t\t<div class=\"elementor-element elementor-element-db9533d e-con-full e-flex e-con e-child\" data-id=\"db9533d\" data-element_type=\"container\">\n\t\t\t\t<div class=\"elementor-element elementor-element-4499a8f elementor-widget elementor-widget-image\" data-id=\"4499a8f\" data-element_type=\"widget\" data-widget_type=\"image.default\">\n\t\t\t\t<div class=\"elementor-widget-container\">\n\t\t\t\t\t\t\t\t\t\t\t\t\t\t\t<img decoding=\"async\" width=\"613\" height=\"843\" src=\"https:\/\/cossma.com.mx\/wp-content\/uploads\/2025\/01\/Cossma-06.png\" class=\"attachment-large size-large wp-image-2127\" alt=\"\" srcset=\"https:\/\/cossma.com.mx\/wp-content\/uploads\/2025\/01\/Cossma-06.png 613w, https:\/\/cossma.com.mx\/wp-content\/uploads\/2025\/01\/Cossma-06-218x300.png 218w\" sizes=\"(max-width: 613px) 100vw, 613px\" \/>\t\t\t\t\t\t\t\t\t\t\t\t\t\t\t<\/div>\n\t\t\t\t<\/div>\n\t\t\t\t<\/div>\n\t\t<div class=\"elementor-element elementor-element-0155d17 e-con-full e-flex e-con e-child\" data-id=\"0155d17\" data-element_type=\"container\">\n\t\t\t\t<div class=\"elementor-element elementor-element-2c81f8d elementor-widget elementor-widget-image\" data-id=\"2c81f8d\" data-element_type=\"widget\" data-widget_type=\"image.default\">\n\t\t\t\t<div class=\"elementor-widget-container\">\n\t\t\t\t\t\t\t\t\t\t\t\t\t\t\t<img decoding=\"async\" width=\"613\" height=\"842\" src=\"https:\/\/cossma.com.mx\/wp-content\/uploads\/2025\/01\/Cossma-Construccion-2.png\" class=\"attachment-large size-large wp-image-2129\" alt=\"\" srcset=\"https:\/\/cossma.com.mx\/wp-content\/uploads\/2025\/01\/Cossma-Construccion-2.png 613w, https:\/\/cossma.com.mx\/wp-content\/uploads\/2025\/01\/Cossma-Construccion-2-218x300.png 218w\" sizes=\"(max-width: 613px) 100vw, 613px\" \/>\t\t\t\t\t\t\t\t\t\t\t\t\t\t\t<\/div>\n\t\t\t\t<\/div>\n\t\t\t\t<\/div>\n\t\t<div class=\"elementor-element elementor-element-676bd89 e-con-full e-flex e-con e-child\" data-id=\"676bd89\" data-element_type=\"container\">\n\t\t\t\t<div class=\"elementor-element elementor-element-4050501 elementor-widget elementor-widget-image\" data-id=\"4050501\" data-element_type=\"widget\" data-widget_type=\"image.default\">\n\t\t\t\t<div class=\"elementor-widget-container\">\n\t\t\t\t\t\t\t\t\t\t\t\t\t\t\t<img loading=\"lazy\" decoding=\"async\" width=\"613\" height=\"843\" src=\"https:\/\/cossma.com.mx\/wp-content\/uploads\/2025\/01\/Cossma-07.png\" class=\"attachment-large size-large wp-image-2128\" alt=\"\" srcset=\"https:\/\/cossma.com.mx\/wp-content\/uploads\/2025\/01\/Cossma-07.png 613w, https:\/\/cossma.com.mx\/wp-content\/uploads\/2025\/01\/Cossma-07-218x300.png 218w\" sizes=\"(max-width: 613px) 100vw, 613px\" \/>\t\t\t\t\t\t\t\t\t\t\t\t\t\t\t<\/div>\n\t\t\t\t<\/div>\n\t\t\t\t<\/div>\n\t\t\t\t\t<\/div>\n\t\t\t\t<\/div>\n\t\t<div class=\"elementor-element elementor-element-cba3f1c e-con-full elementor-hidden-mobile e-flex e-con e-parent\" data-id=\"cba3f1c\" data-element_type=\"container\">\n\t\t<div class=\"elementor-element elementor-element-3b1f1f3 e-con-full elementor-hidden-mobile e-flex e-con e-child\" data-id=\"3b1f1f3\" data-element_type=\"container\">\n\t\t\t\t<\/div>\n\t\t<div class=\"elementor-element elementor-element-ee76563 e-con-full elementor-hidden-mobile e-flex e-con e-child\" data-id=\"ee76563\" data-element_type=\"container\" data-settings=\"{&quot;background_background&quot;:&quot;classic&quot;}\">\n\t\t\t\t<\/div>\n\t\t\t\t<\/div>\n\t\t<div class=\"elementor-element elementor-element-67a6141 e-con-full e-flex e-con e-parent\" data-id=\"67a6141\" data-element_type=\"container\">\n\t\t<div class=\"elementor-element elementor-element-db5c967 e-con-full elementor-hidden-mobile e-flex e-con e-child\" data-id=\"db5c967\" data-element_type=\"container\">\n\t\t\t\t<\/div>\n\t\t<div class=\"elementor-element elementor-element-bfaf820 e-con-full e-flex e-con e-child\" data-id=\"bfaf820\" data-element_type=\"container\" data-settings=\"{&quot;background_background&quot;:&quot;classic&quot;}\">\n\t\t\t\t<div class=\"elementor-element elementor-element-e272a50 elementor-widget elementor-widget-heading\" data-id=\"e272a50\" data-element_type=\"widget\" data-widget_type=\"heading.default\">\n\t\t\t\t<div class=\"elementor-widget-container\">\n\t\t\t\t\t<h2 class=\"elementor-heading-title elementor-size-default\">\u00bf Listo para construir el proyecto de tus sue\u00f1os ?<\/h2>\t\t\t\t<\/div>\n\t\t\t\t<\/div>\n\t\t\t\t<div class=\"elementor-element elementor-element-12162b8 elementor-widget-divider--view-line elementor-widget elementor-widget-divider\" data-id=\"12162b8\" data-element_type=\"widget\" data-widget_type=\"divider.default\">\n\t\t\t\t<div class=\"elementor-widget-container\">\n\t\t\t\t\t\t\t<div class=\"elementor-divider\">\n\t\t\t<span class=\"elementor-divider-separator\">\n\t\t\t\t\t\t<\/span>\n\t\t<\/div>\n\t\t\t\t\t\t<\/div>\n\t\t\t\t<\/div>\n\t\t\t\t<div class=\"elementor-element elementor-element-abd891a elementor-mobile-align-center elementor-widget elementor-widget-button\" data-id=\"abd891a\" data-element_type=\"widget\" data-widget_type=\"button.default\">\n\t\t\t\t<div class=\"elementor-widget-container\">\n\t\t\t\t\t\t\t\t\t<div class=\"elementor-button-wrapper\">\n\t\t\t\t\t<a class=\"elementor-button elementor-button-link elementor-size-sm elementor-animation-grow\" href=\"https:\/\/cossma.com.mx\/index.php\/contacto\/\">\n\t\t\t\t\t\t<span class=\"elementor-button-content-wrapper\">\n\t\t\t\t\t\t\t\t\t<span class=\"elementor-button-text\">CONTACTO<\/span>\n\t\t\t\t\t<\/span>\n\t\t\t\t\t<\/a>\n\t\t\t\t<\/div>\n\t\t\t\t\t\t\t\t<\/div>\n\t\t\t\t<\/div>\n\t\t\t\t<\/div>\n\t\t\t\t<\/div>\n\t\t\t\t<\/div>\n\t\t","protected":false},"excerpt":{"rendered":"<p>Servicios Remodelaci\u00f3n Mantenimiento Construcci\u00f3n Remodelaci\u00f3n: Transformamos espacios para adaptarlos a tus necesidades y estilo. Desde renovaciones parciales hasta remodelaciones integrales, [&hellip;]<\/p>\n","protected":false},"author":2,"featured_media":0,"parent":0,"menu_order":0,"comment_status":"closed","ping_status":"closed","template":"","meta":{"site-sidebar-layout":"no-sidebar","site-content-layout":"","ast-site-content-layout":"full-width-container","site-content-style":"default","site-sidebar-style":"default","ast-global-header-display":"","ast-banner-title-visibility":"","ast-main-header-display":"","ast-hfb-above-header-display":"","ast-hfb-below-header-display":"","ast-hfb-mobile-header-display":"","site-post-title":"disabled","ast-breadcrumbs-content":"","ast-featured-img":"disabled","footer-sml-layout":"","theme-transparent-header-meta":"","adv-header-id-meta":"","stick-header-meta":"","header-above-stick-meta":"","header-main-stick-meta":"","header-below-stick-meta":"","astra-migrate-meta-layouts":"default","ast-page-background-enabled":"default","ast-page-background-meta":{"desktop":{"background-color":"var(--ast-global-color-4)","background-image":"","background-repeat":"repeat","background-position":"center center","background-size":"auto","background-attachment":"scroll","background-type":"","background-media":"","overlay-type":"","overlay-color":"","overlay-opacity":"","overlay-gradient":""},"tablet":{"background-color":"","background-image":"","background-repeat":"repeat","background-position":"center center","background-size":"auto","background-attachment":"scroll","background-type":"","background-media":"","overlay-type":"","overlay-color":"","overlay-opacity":"","overlay-gradient":""},"mobile":{"background-color":"","background-image":"","background-repeat":"repeat","background-position":"center center","background-size":"auto","background-attachment":"scroll","background-type":"","background-media":"","overlay-type":"","overlay-color":"","overlay-opacity":"","overlay-gradient":""}},"ast-content-background-meta":{"desktop":{"background-color":"var(--ast-global-color-5)","background-image":"","background-repeat":"repeat","background-position":"center center","background-size":"auto","background-attachment":"scroll","background-type":"","background-media":"","overlay-type":"","overlay-color":"","overlay-opacity":"","overlay-gradient":""},"tablet":{"background-color":"var(--ast-global-color-5)","background-image":"","background-repeat":"repeat","background-position":"center center","background-size":"auto","background-attachment":"scroll","background-type":"","background-media":"","overlay-type":"","overlay-color":"","overlay-opacity":"","overlay-gradient":""},"mobile":{"background-color":"var(--ast-global-color-5)","background-image":"","background-repeat":"repeat","background-position":"center center","background-size":"auto","background-attachment":"scroll","background-type":"","background-media":"","overlay-type":"","overlay-color":"","overlay-opacity":"","overlay-gradient":""}},"_joinchat":[],"footnotes":""},"class_list":["post-1965","page","type-page","status-publish","hentry"],"_links":{"self":[{"href":"https:\/\/cossma.com.mx\/index.php\/wp-json\/wp\/v2\/pages\/1965","targetHints":{"allow":["GET"]}}],"collection":[{"href":"https:\/\/cossma.com.mx\/index.php\/wp-json\/wp\/v2\/pages"}],"about":[{"href":"https:\/\/cossma.com.mx\/index.php\/wp-json\/wp\/v2\/types\/page"}],"author":[{"embeddable":true,"href":"https:\/\/cossma.com.mx\/index.php\/wp-json\/wp\/v2\/users\/2"}],"replies":[{"embeddable":true,"href":"https:\/\/cossma.com.mx\/index.php\/wp-json\/wp\/v2\/comments?post=1965"}],"version-history":[{"count":46,"href":"https:\/\/cossma.com.mx\/index.php\/wp-json\/wp\/v2\/pages\/1965\/revisions"}],"predecessor-version":[{"id":2135,"href":"https:\/\/cossma.com.mx\/index.php\/wp-json\/wp\/v2\/pages\/1965\/revisions\/2135"}],"wp:attachment":[{"href":"https:\/\/cossma.com.mx\/index.php\/wp-json\/wp\/v2\/media?parent=1965"}],"curies":[{"name":"wp","href":"https:\/\/api.w.org\/{rel}","templated":true}]}}